{"id":20032,"date":"2022-02-18T18:21:58","date_gmt":"2022-02-18T17:21:58","guid":{"rendered":"https:\/\/www.pkf-arsilon.com\/?page_id=20032"},"modified":"2022-03-01T14:28:41","modified_gmt":"2022-03-01T13:28:41","slug":"patrick-bracco","status":"publish","type":"page","link":"https:\/\/www.pkf-arsilon.com\/en\/patrick-bracco\/","title":{"rendered":"Patrick Bracco"},"content":{"rendered":"  <div id=\"\" class=\"container-fluid s-banner\">\n    <div class=\"img\">\n    <\/div>\n    <div class=\"container\">\n      <div class=\"text\">\n        <p class=\"tag\">Your contact<\/p>\n        <h1 class=\"title\">Patrick Bracco<\/h1>\n      <\/div>\n    <\/div>\n  <\/div>\n  <div class=\"container b-breadcrumb\"><span><span><a href=\"https:\/\/www.pkf-arsilon.com\/en\/\">Home<\/a><\/span><\/span><\/div>\n\n<div id=\"\" class=\"container s-contact-single-top\">\n  <div class=\"row\">\n    <div class=\"offset-lg-1 col-lg-4 col-xl-3 order-lg-2\">\n      <div class=\"top__info-contact\">\n        <div class=\"card\">\n                      <div class=\"photo\">\n              <div class=\"circle\">\n                <img loading=\"lazy\" decoding=\"async\" width=\"384\" height=\"384\" src=\"https:\/\/www.pkf-arsilon.com\/wp-content\/uploads\/2021\/06\/photo-bracco-patrick-1.jpg\" class=\"attachment-full size-full wp-post-image\" alt=\"Photo-Bracco-Patrick\" srcset=\"https:\/\/www.pkf-arsilon.com\/wp-content\/uploads\/2021\/06\/photo-bracco-patrick-1.jpg 384w, https:\/\/www.pkf-arsilon.com\/wp-content\/uploads\/2021\/06\/photo-bracco-patrick-1-300x300.jpg 300w, https:\/\/www.pkf-arsilon.com\/wp-content\/uploads\/2021\/06\/photo-bracco-patrick-1-150x150.jpg 150w\" sizes=\"auto, (max-width: 384px) 100vw, 384px\" \/>              <\/div>\n            <\/div>\n                    <p class=\"name\">Patrick Bracco<\/p>\n          <p class=\"job\">\n                          <span class=\"rank\">Associ\u00e9<\/span><br>\n                        Expert-comptable et Commissaire aux comptes &#8211; R\u00e9f\u00e9rent Expertise-comptable, Social &#038; M\u00e9dico-Social et Associations          <\/p>\n                      <div class=\"phone\">\n              <i class=\"icon-phone\"><\/i>\n              <strong>06 08 17 74 89<\/strong>\n              <span>Price of a local call<\/span>\n            <\/div>\n                                <div class=\"linkedin\">\n              <i class=\"icon-linkedin\"><\/i>\n              <a href=\"https:\/\/www.linkedin.com\/in\/patrick-bracco-5a0828212\/\">See LinkedIn profile<\/a>\n            <\/div>\n                  <\/div>\n                      <\/div>\n    <\/div>\n    <div class=\"col-lg-7 col-xl-8 order-lg-1 mt-4 mt-sm-0\">\n      <div class=\"top__texte b-wysiwyg\">\n        <p>Patrick has been a Partner at the Nice office for over 30 years. He supports his clients in the context of public accounting and auditing activities.<\/p>\n<p>A true expert in the voluntary sector (social and medico-social, sports, humanitarian, etc.), he also carries out various types of financial and corporate audits for foundations, volunteer organisations and endowment funds. He is also in charge of the LMP &#8211; LMNP Department, which specialises in the management of furnished rentals.<\/p>\n      <\/div>\n    <\/div>\n  <\/div>\n<\/div>\n\n\n<div class=\"container s-store-single-form edito__section\" id=\"form\">\n  <div class=\"row\">\n    <div class=\"col-lg-7 col-xl-8\">\n      <div class=\"b-form\">\n        <div class=\"form__title\">Contact Patrick Bracco<\/div>\n                \n<div class=\"wpcf7 no-js\" id=\"wpcf7-f199136-o1\" lang=\"en-US\" dir=\"ltr\" data-wpcf7-id=\"199136\">\n<div class=\"screen-reader-response\"><p role=\"status\" aria-live=\"polite\" aria-atomic=\"true\"><\/p> <ul><\/ul><\/div>\n<form action=\"\/en\/wp-json\/wp\/v2\/pages\/20032#wpcf7-f199136-o1\" method=\"post\" class=\"wpcf7-form init\" aria-label=\"Contact form\" novalidate=\"novalidate\" data-status=\"init\">\n<fieldset class=\"hidden-fields-container\"><input type=\"hidden\" name=\"_wpcf7\" value=\"199136\" \/><input type=\"hidden\" name=\"_wpcf7_version\" value=\"6.1.4\" \/><input type=\"hidden\" name=\"_wpcf7_locale\" value=\"en_US\" \/><input type=\"hidden\" name=\"_wpcf7_unit_tag\" value=\"wpcf7-f199136-o1\" \/><input type=\"hidden\" name=\"_wpcf7_container_post\" value=\"0\" \/><input type=\"hidden\" name=\"_wpcf7_posted_data_hash\" value=\"\" \/><input type=\"hidden\" name=\"_wpcf7_recaptcha_response\" value=\"\" \/>\n<\/fieldset>\n<div class=\"field-group\">\n\t<p class=\"label\">Your need\n\t<\/p>\n\t<div class=\"fields\">\n\t\t<div class=\"select\">\n\t\t\t<p><span class=\"wpcf7-form-control-wrap\" data-name=\"subject\"><select class=\"wpcf7-form-control wpcf7-select wpcf7-validates-as-required\" id=\"subject\" aria-required=\"true\" aria-invalid=\"false\" name=\"subject\"><option value=\"Get a quote\">Get a quote<\/option><option value=\"Recrutement\">Recrutement<\/option><option value=\"Autre\">Autre<\/option><\/select><\/span>\n\t\t\t<\/p>\n\t\t<\/div>\n\t<\/div>\n<\/div>\n<div class=\"field-group\">\n\t<p class=\"label\">About yous\n\t<\/p>\n\t<div class=\"fields\">\n\t\t<div class=\"field\">\n\t\t\t<p><label for=\"lastname\">Name<\/label><span class=\"wpcf7-form-control-wrap\" data-name=\"lastname\"><input size=\"40\" maxlength=\"400\" class=\"wpcf7-form-control wpcf7-text wpcf7-validates-as-required\" id=\"lastname\" aria-required=\"true\" aria-invalid=\"false\" value=\"\" type=\"text\" name=\"lastname\" \/><\/span>\n\t\t\t<\/p>\n\t\t<\/div>\n\t\t<div class=\"field\">\n\t\t\t<p><label for=\"firstname\">Forname<\/label><span class=\"wpcf7-form-control-wrap\" data-name=\"firstname\"><input size=\"40\" maxlength=\"400\" class=\"wpcf7-form-control wpcf7-text wpcf7-validates-as-required\" id=\"firstname\" aria-required=\"true\" aria-invalid=\"false\" value=\"\" type=\"text\" name=\"firstname\" \/><\/span>\n\t\t\t<\/p>\n\t\t<\/div>\n\t\t<div class=\"field\">\n\t\t\t<p><label for=\"email\">Email<\/label><span class=\"wpcf7-form-control-wrap\" data-name=\"email\"><input size=\"40\" maxlength=\"400\" class=\"wpcf7-form-control wpcf7-email wpcf7-validates-as-required wpcf7-text wpcf7-validates-as-email\" id=\"email\" aria-required=\"true\" aria-invalid=\"false\" value=\"\" type=\"email\" name=\"email\" \/><\/span>\n\t\t\t<\/p>\n\t\t<\/div>\n\t\t<div class=\"field\">\n\t\t\t<p><label for=\"job\">Function<\/label><span class=\"wpcf7-form-control-wrap\" data-name=\"job\"><input size=\"40\" maxlength=\"400\" class=\"wpcf7-form-control wpcf7-text wpcf7-validates-as-required\" id=\"job\" aria-required=\"true\" aria-invalid=\"false\" value=\"\" type=\"text\" name=\"job\" \/><\/span>\n\t\t\t<\/p>\n\t\t<\/div>\n\t<\/div>\n<\/div>\n<div class=\"field-group\">\n\t<p><label for=\"about\" class=\"label\">About your compagny<\/label>\n\t<\/p>\n\t<div class=\"fields\">\n\t\t<p><span class=\"wpcf7-form-control-wrap\" data-name=\"about\"><input size=\"40\" maxlength=\"400\" class=\"wpcf7-form-control wpcf7-text wpcf7-validates-as-required\" id=\"about\" aria-required=\"true\" aria-invalid=\"false\" placeholder=\"Compagny name\" value=\"\" type=\"text\" name=\"about\" \/><\/span>\n\t\t<\/p>\n\t<\/div>\n<\/div>\n<div class=\"field-group\">\n\t<p><label for=\"msg\" class=\"label\">Your message<\/label>\n\t<\/p>\n\t<div class=\"fields\">\n\t\t<p><span class=\"wpcf7-form-control-wrap\" data-name=\"msg\"><textarea cols=\"40\" rows=\"10\" maxlength=\"2000\" class=\"wpcf7-form-control wpcf7-textarea wpcf7-validates-as-required\" id=\"msg\" aria-required=\"true\" aria-invalid=\"false\" placeholder=\"Describe here your activity and your needs\" name=\"msg\"><\/textarea><\/span>\n\t\t<\/p>\n\t<\/div>\n<\/div>\n<div class=\"field-group field-group--file\">\n\t<p class=\"label\">Documents\n\t<\/p>\n\t<div class=\"fields\">\n\t\t<p><span class=\"wpcf7-form-control-wrap\" data-name=\"upload-file-502\"><input size=\"40\" class=\"wpcf7-form-control wpcf7-drag-n-drop-file d-none\" aria-invalid=\"false\" type=\"file\" multiple=\"multiple\" data-name=\"upload-file-502\" data-type=\"jpeg|jpg|png|pdf\" data-limit=\"2097152\" data-min=\"0\" data-max=\"5\" data-id=\"199136\" data-version=\"free version 1.3.9.5\" accept=\".jpeg, .jpg, .png, .pdf\" \/><\/span>\n\t\t<\/p>\n\t<\/div>\n<\/div>\n<div class=\"field-group\">\n\t<p class=\"label\">\n\t<\/p>\n\t<div class=\"fields\">\n\t\t<div class=\"field checkbox\">\n\t\t\t<p><span class=\"wpcf7-form-control-wrap\" data-name=\"acceptance-600\"><span class=\"wpcf7-form-control wpcf7-acceptance\"><span class=\"wpcf7-list-item\"><label><input type=\"checkbox\" name=\"acceptance-600\" value=\"1\" id=\"accept\" aria-invalid=\"false\" \/><span class=\"wpcf7-list-item-label\">The information collected during your visit to this site is protected by Regulation (EU) 2016\/679 of the European Parliament and of the Council on the protection of individuals with regard to the processing of personal data and on free movement. of this data (the &#8220;GDPR&#8221;), as well as by law n \u00b0 78-17 of January 6, 1978 relating to Data Processing, Files and Freedoms, in its latest version in force. This information is also confidential, and is in no way intended to be disseminated to third parties, in particular for the purposes of commercial prospecting. By submitting your e-mail address to us, you acknowledge having read our Privacy Statement (<a href=\"https:\/\/www.pkf-arsilon.com\/mentions-legales\/declaration-confidentialite\/\" target=\"_blank\">https:\/\/www.pkf-arsilon.com\/mentions-legales\/declaration-confidentialite\/<\/a>), and you give your express consent to the use that we will make of this data with regard to this statement. If you change your mind about receiving the information we offer, you can send us a message by sending us a complaint form (<a href=\"https:\/\/forms.office.com\/r\/TqxkfqLXBL\" target=\"_blank\">https:\/\/forms.office.com\/r\/TqxkfqLXBL<\/a>);  Similarly, if you wish to exercise your rights of access, rectification, erasure and\/or opposition to your data, simply let us know by sending us a complaint form. (<a href=\"https:\/\/forms.office.com\/r\/TqxkfqLXBL\" target=\"_blank\">https:\/\/forms.office.com\/r\/TqxkfqLXBL<\/a>).<\/span><\/label><\/span><\/span><\/span>\n\t\t\t<\/p>\n\t\t<\/div>\n\t\t<p><button class=\"wpcf7-form-control wpcf7-submit btn btn-gradient-primary\" type=\"submit\" value=\"Send\">Send<\/button>\n\t\t<\/p>\n\t<\/div>\n<\/div><div class=\"wpcf7-response-output\" aria-hidden=\"true\"><\/div>\n<\/form>\n<\/div>\n      <\/div>\n    <\/div>\n  <\/div>\n<\/div>\n","protected":false},"excerpt":{"rendered":"","protected":false},"author":11,"featured_media":5513,"parent":0,"menu_order":0,"comment_status":"closed","ping_status":"closed","template":"views\/contact-collaborateur.blade.php","meta":{"_acf_changed":false,"footnotes":""},"class_list":["post-20032","page","type-page","status-publish","has-post-thumbnail","hentry"],"acf":[],"mb":[],"yoast_head":"<!-- This site is optimized with the Yoast SEO plugin v26.9 - https:\/\/yoast.com\/product\/yoast-seo-wordpress\/ -->\n<title>Patrick Bracco - PKF Arsilon<\/title>\n<meta name=\"description\" content=\"Contact Patrick Bracco, Partner - Chartered Accountant and Auditor at PKF Arsilon.\" \/>\n<meta name=\"robots\" content=\"index, follow, max-snippet:-1, max-image-preview:large, max-video-preview:-1\" \/>\n<link rel=\"canonical\" href=\"https:\/\/www.pkf-arsilon.com\/en\/patrick-bracco\/\" \/>\n<meta property=\"og:locale\" content=\"en_US\" \/>\n<meta property=\"og:type\" content=\"article\" \/>\n<meta property=\"og:title\" content=\"Patrick Bracco - PKF Arsilon\" \/>\n<meta property=\"og:description\" content=\"Contact Patrick Bracco, Partner - Chartered Accountant and Auditor at PKF Arsilon.\" \/>\n<meta property=\"og:url\" content=\"https:\/\/www.pkf-arsilon.com\/en\/patrick-bracco\/\" \/>\n<meta property=\"og:site_name\" content=\"PKF Arsilon\" \/>\n<meta property=\"article:publisher\" content=\"https:\/\/www.facebook.com\/pkfarsilon\" \/>\n<meta property=\"article:modified_time\" content=\"2022-03-01T13:28:41+00:00\" \/>\n<meta property=\"og:image\" content=\"https:\/\/www.pkf-arsilon.com\/wp-content\/uploads\/2021\/06\/photo-bracco-patrick-1.jpg\" \/>\n\t<meta property=\"og:image:width\" content=\"384\" \/>\n\t<meta property=\"og:image:height\" content=\"384\" \/>\n\t<meta property=\"og:image:type\" content=\"image\/jpeg\" \/>\n<meta name=\"twitter:card\" content=\"summary_large_image\" \/>\n<meta name=\"twitter:site\" content=\"@PKFArsilon\" \/>\n<script type=\"application\/ld+json\" class=\"yoast-schema-graph\">{\"@context\":\"https:\/\/schema.org\",\"@graph\":[{\"@type\":\"WebPage\",\"@id\":\"https:\/\/www.pkf-arsilon.com\/en\/patrick-bracco\/\",\"url\":\"https:\/\/www.pkf-arsilon.com\/en\/patrick-bracco\/\",\"name\":\"Patrick Bracco - PKF Arsilon\",\"isPartOf\":{\"@id\":\"https:\/\/www.pkf-arsilon.com\/#website\"},\"primaryImageOfPage\":{\"@id\":\"https:\/\/www.pkf-arsilon.com\/en\/patrick-bracco\/#primaryimage\"},\"image\":{\"@id\":\"https:\/\/www.pkf-arsilon.com\/en\/patrick-bracco\/#primaryimage\"},\"thumbnailUrl\":\"https:\/\/www.pkf-arsilon.com\/wp-content\/uploads\/2021\/06\/photo-bracco-patrick-1.jpg\",\"datePublished\":\"2022-02-18T17:21:58+00:00\",\"dateModified\":\"2022-03-01T13:28:41+00:00\",\"description\":\"Contact Patrick Bracco, Partner - Chartered Accountant and Auditor at PKF Arsilon.\",\"breadcrumb\":{\"@id\":\"https:\/\/www.pkf-arsilon.com\/en\/patrick-bracco\/#breadcrumb\"},\"inLanguage\":\"en-US\",\"potentialAction\":[{\"@type\":\"ReadAction\",\"target\":[\"https:\/\/www.pkf-arsilon.com\/en\/patrick-bracco\/\"]}]},{\"@type\":\"ImageObject\",\"inLanguage\":\"en-US\",\"@id\":\"https:\/\/www.pkf-arsilon.com\/en\/patrick-bracco\/#primaryimage\",\"url\":\"https:\/\/www.pkf-arsilon.com\/wp-content\/uploads\/2021\/06\/photo-bracco-patrick-1.jpg\",\"contentUrl\":\"https:\/\/www.pkf-arsilon.com\/wp-content\/uploads\/2021\/06\/photo-bracco-patrick-1.jpg\",\"width\":384,\"height\":384,\"caption\":\"Photo-Bracco-Patrick\"},{\"@type\":\"BreadcrumbList\",\"@id\":\"https:\/\/www.pkf-arsilon.com\/en\/patrick-bracco\/#breadcrumb\",\"itemListElement\":[{\"@type\":\"ListItem\",\"position\":1,\"name\":\"Home\",\"item\":\"https:\/\/www.pkf-arsilon.com\/en\/\"},{\"@type\":\"ListItem\",\"position\":2,\"name\":\"Patrick Bracco\"}]},{\"@type\":\"WebSite\",\"@id\":\"https:\/\/www.pkf-arsilon.com\/#website\",\"url\":\"https:\/\/www.pkf-arsilon.com\/\",\"name\":\"PKF Arsilon\",\"description\":\"Ensemble, changeons la donne\",\"publisher\":{\"@id\":\"https:\/\/www.pkf-arsilon.com\/#organization\"},\"potentialAction\":[{\"@type\":\"SearchAction\",\"target\":{\"@type\":\"EntryPoint\",\"urlTemplate\":\"https:\/\/www.pkf-arsilon.com\/?s={search_term_string}\"},\"query-input\":{\"@type\":\"PropertyValueSpecification\",\"valueRequired\":true,\"valueName\":\"search_term_string\"}}],\"inLanguage\":\"en-US\"},{\"@type\":\"Organization\",\"@id\":\"https:\/\/www.pkf-arsilon.com\/#organization\",\"name\":\"PKF Arsilon\",\"url\":\"https:\/\/www.pkf-arsilon.com\/\",\"logo\":{\"@type\":\"ImageObject\",\"inLanguage\":\"en-US\",\"@id\":\"https:\/\/www.pkf-arsilon.com\/#\/schema\/logo\/image\/\",\"url\":\"https:\/\/www.pkf-arsilon.com\/wp-content\/uploads\/2024\/01\/logo-pkf.svg\",\"contentUrl\":\"https:\/\/www.pkf-arsilon.com\/wp-content\/uploads\/2024\/01\/logo-pkf.svg\",\"width\":1200,\"height\":480,\"caption\":\"PKF Arsilon\"},\"image\":{\"@id\":\"https:\/\/www.pkf-arsilon.com\/#\/schema\/logo\/image\/\"},\"sameAs\":[\"https:\/\/www.facebook.com\/pkfarsilon\",\"https:\/\/x.com\/PKFArsilon\",\"https:\/\/www.linkedin.com\/company\/pkf-arsilon\/\",\"https:\/\/www.instagram.com\/pkfarsilon\/\",\"https:\/\/www.youtube.com\/@PKFArsilon\/videos\"]}]}<\/script>\n<!-- \/ Yoast SEO plugin. -->","yoast_head_json":{"title":"Patrick Bracco - PKF Arsilon","description":"Contact Patrick Bracco, Partner - Chartered Accountant and Auditor at PKF Arsilon.","robots":{"index":"index","follow":"follow","max-snippet":"max-snippet:-1","max-image-preview":"max-image-preview:large","max-video-preview":"max-video-preview:-1"},"canonical":"https:\/\/www.pkf-arsilon.com\/en\/patrick-bracco\/","og_locale":"en_US","og_type":"article","og_title":"Patrick Bracco - PKF Arsilon","og_description":"Contact Patrick Bracco, Partner - Chartered Accountant and Auditor at PKF Arsilon.","og_url":"https:\/\/www.pkf-arsilon.com\/en\/patrick-bracco\/","og_site_name":"PKF Arsilon","article_publisher":"https:\/\/www.facebook.com\/pkfarsilon","article_modified_time":"2022-03-01T13:28:41+00:00","og_image":[{"width":384,"height":384,"url":"https:\/\/www.pkf-arsilon.com\/wp-content\/uploads\/2021\/06\/photo-bracco-patrick-1.jpg","type":"image\/jpeg"}],"twitter_card":"summary_large_image","twitter_site":"@PKFArsilon","schema":{"@context":"https:\/\/schema.org","@graph":[{"@type":"WebPage","@id":"https:\/\/www.pkf-arsilon.com\/en\/patrick-bracco\/","url":"https:\/\/www.pkf-arsilon.com\/en\/patrick-bracco\/","name":"Patrick Bracco - PKF Arsilon","isPartOf":{"@id":"https:\/\/www.pkf-arsilon.com\/#website"},"primaryImageOfPage":{"@id":"https:\/\/www.pkf-arsilon.com\/en\/patrick-bracco\/#primaryimage"},"image":{"@id":"https:\/\/www.pkf-arsilon.com\/en\/patrick-bracco\/#primaryimage"},"thumbnailUrl":"https:\/\/www.pkf-arsilon.com\/wp-content\/uploads\/2021\/06\/photo-bracco-patrick-1.jpg","datePublished":"2022-02-18T17:21:58+00:00","dateModified":"2022-03-01T13:28:41+00:00","description":"Contact Patrick Bracco, Partner - Chartered Accountant and Auditor at PKF Arsilon.","breadcrumb":{"@id":"https:\/\/www.pkf-arsilon.com\/en\/patrick-bracco\/#breadcrumb"},"inLanguage":"en-US","potentialAction":[{"@type":"ReadAction","target":["https:\/\/www.pkf-arsilon.com\/en\/patrick-bracco\/"]}]},{"@type":"ImageObject","inLanguage":"en-US","@id":"https:\/\/www.pkf-arsilon.com\/en\/patrick-bracco\/#primaryimage","url":"https:\/\/www.pkf-arsilon.com\/wp-content\/uploads\/2021\/06\/photo-bracco-patrick-1.jpg","contentUrl":"https:\/\/www.pkf-arsilon.com\/wp-content\/uploads\/2021\/06\/photo-bracco-patrick-1.jpg","width":384,"height":384,"caption":"Photo-Bracco-Patrick"},{"@type":"BreadcrumbList","@id":"https:\/\/www.pkf-arsilon.com\/en\/patrick-bracco\/#breadcrumb","itemListElement":[{"@type":"ListItem","position":1,"name":"Home","item":"https:\/\/www.pkf-arsilon.com\/en\/"},{"@type":"ListItem","position":2,"name":"Patrick Bracco"}]},{"@type":"WebSite","@id":"https:\/\/www.pkf-arsilon.com\/#website","url":"https:\/\/www.pkf-arsilon.com\/","name":"PKF Arsilon","description":"Ensemble, changeons la donne","publisher":{"@id":"https:\/\/www.pkf-arsilon.com\/#organization"},"potentialAction":[{"@type":"SearchAction","target":{"@type":"EntryPoint","urlTemplate":"https:\/\/www.pkf-arsilon.com\/?s={search_term_string}"},"query-input":{"@type":"PropertyValueSpecification","valueRequired":true,"valueName":"search_term_string"}}],"inLanguage":"en-US"},{"@type":"Organization","@id":"https:\/\/www.pkf-arsilon.com\/#organization","name":"PKF Arsilon","url":"https:\/\/www.pkf-arsilon.com\/","logo":{"@type":"ImageObject","inLanguage":"en-US","@id":"https:\/\/www.pkf-arsilon.com\/#\/schema\/logo\/image\/","url":"https:\/\/www.pkf-arsilon.com\/wp-content\/uploads\/2024\/01\/logo-pkf.svg","contentUrl":"https:\/\/www.pkf-arsilon.com\/wp-content\/uploads\/2024\/01\/logo-pkf.svg","width":1200,"height":480,"caption":"PKF Arsilon"},"image":{"@id":"https:\/\/www.pkf-arsilon.com\/#\/schema\/logo\/image\/"},"sameAs":["https:\/\/www.facebook.com\/pkfarsilon","https:\/\/x.com\/PKFArsilon","https:\/\/www.linkedin.com\/company\/pkf-arsilon\/","https:\/\/www.instagram.com\/pkfarsilon\/","https:\/\/www.youtube.com\/@PKFArsilon\/videos"]}]}},"publishpress_future_workflow_manual_trigger":{"enabledWorkflows":[]},"mfb_rest_fields":["title","yoast_head","yoast_head_json","publishpress_future_workflow_manual_trigger"],"_links":{"self":[{"href":"https:\/\/www.pkf-arsilon.com\/en\/wp-json\/wp\/v2\/pages\/20032","targetHints":{"allow":["GET"]}}],"collection":[{"href":"https:\/\/www.pkf-arsilon.com\/en\/wp-json\/wp\/v2\/pages"}],"about":[{"href":"https:\/\/www.pkf-arsilon.com\/en\/wp-json\/wp\/v2\/types\/page"}],"author":[{"embeddable":true,"href":"https:\/\/www.pkf-arsilon.com\/en\/wp-json\/wp\/v2\/users\/11"}],"replies":[{"embeddable":true,"href":"https:\/\/www.pkf-arsilon.com\/en\/wp-json\/wp\/v2\/comments?post=20032"}],"version-history":[{"count":4,"href":"https:\/\/www.pkf-arsilon.com\/en\/wp-json\/wp\/v2\/pages\/20032\/revisions"}],"predecessor-version":[{"id":22583,"href":"https:\/\/www.pkf-arsilon.com\/en\/wp-json\/wp\/v2\/pages\/20032\/revisions\/22583"}],"wp:featuredmedia":[{"embeddable":true,"href":"https:\/\/www.pkf-arsilon.com\/en\/wp-json\/wp\/v2\/media\/5513"}],"wp:attachment":[{"href":"https:\/\/www.pkf-arsilon.com\/en\/wp-json\/wp\/v2\/media?parent=20032"}],"curies":[{"name":"wp","href":"https:\/\/api.w.org\/{rel}","templated":true}]}}